{"id":248,"date":"2025-04-18T12:07:14","date_gmt":"2025-04-18T12:07:14","guid":{"rendered":"http:\/\/www.bischoff-koelsch.de\/?page_id=248"},"modified":"2025-04-18T15:11:56","modified_gmt":"2025-04-18T15:11:56","slug":"zubehoer","status":"publish","type":"page","link":"https:\/\/www.bischoff-koelsch.de\/?page_id=248","title":{"rendered":"Zubeh\u00f6r"},"content":{"rendered":"\n<h2 class=\"wp-block-heading\">Unser reichhaltiges Zubeh\u00f6r<\/h2>\n\n\n\n<div class=\"wp-block-media-text is-stacked-on-mobile\" style=\"grid-template-columns:35% auto\"><figure class=\"wp-block-media-text__media\"><img loading=\"lazy\" decoding=\"async\" width=\"425\" height=\"282\" src=\"https:\/\/www.bischoff-koelsch.de\/wp-content\/uploads\/2025\/04\/Produkt02.jpeg\" alt=\"\" class=\"wp-image-259 size-full\" srcset=\"https:\/\/www.bischoff-koelsch.de\/wp-content\/uploads\/2025\/04\/Produkt02.jpeg 425w, https:\/\/www.bischoff-koelsch.de\/wp-content\/uploads\/2025\/04\/Produkt02-300x199.jpeg 300w\" sizes=\"auto, (max-width: 425px) 100vw, 425px\" \/><\/figure><div class=\"wp-block-media-text__content\">\n<p>Zapfh\u00e4hne und Bel\u00fcfter aus Kunststoff, Holz oder Messing<\/p>\n<\/div><\/div>\n\n\n\n<div class=\"wp-block-media-text is-stacked-on-mobile\" style=\"grid-template-columns:35% auto\"><figure class=\"wp-block-media-text__media\"><img loading=\"lazy\" decoding=\"async\" width=\"878\" height=\"812\" src=\"https:\/\/www.bischoff-koelsch.de\/wp-content\/uploads\/2025\/04\/Bild-18.04.25-um-16.01.jpeg\" alt=\"\" class=\"wp-image-263 size-full\" srcset=\"https:\/\/www.bischoff-koelsch.de\/wp-content\/uploads\/2025\/04\/Bild-18.04.25-um-16.01.jpeg 878w, https:\/\/www.bischoff-koelsch.de\/wp-content\/uploads\/2025\/04\/Bild-18.04.25-um-16.01-300x277.jpeg 300w, https:\/\/www.bischoff-koelsch.de\/wp-content\/uploads\/2025\/04\/Bild-18.04.25-um-16.01-768x710.jpeg 768w\" sizes=\"auto, (max-width: 767px) 89vw, (max-width: 1000px) 54vw, (max-width: 1071px) 543px, 580px\" \/><\/figure><div class=\"wp-block-media-text__content\">\n<p>K\u00f6lschstangen in verschiedenen Gr\u00f6\u00dfen<br>0,2 \/ 0,3 \/ 0,4 Liter Gl\u00e4ser<\/p>\n<\/div><\/div>\n\n\n\n<h2 class=\"wp-block-heading\">Leihartikel<\/h2>\n\n\n\n<p>f\u00fcr Ihre Feier finden Sie Artikel, die Sie gegen eine Geb\u00fchr ausleihen k\u00f6nnen.<\/p>\n\n\n\n<div class=\"wp-block-media-text is-stacked-on-mobile\" style=\"grid-template-columns:43% auto\"><figure class=\"wp-block-media-text__media\"><img loading=\"lazy\" decoding=\"async\" width=\"680\" height=\"240\" src=\"https:\/\/www.bischoff-koelsch.de\/wp-content\/uploads\/2025\/04\/headbanner04.jpg\" alt=\"\" class=\"wp-image-269 size-full\" srcset=\"https:\/\/www.bischoff-koelsch.de\/wp-content\/uploads\/2025\/04\/headbanner04.jpg 680w, https:\/\/www.bischoff-koelsch.de\/wp-content\/uploads\/2025\/04\/headbanner04-300x106.jpg 300w\" sizes=\"auto, (max-width: 680px) 100vw, 680px\" \/><\/figure><div class=\"wp-block-media-text__content\">\n<p>K\u00fchlanh\u00e4nger klein <br>Leergewicht: 440 kg<br>Zuladung: 560 kg<br>bis etwa 400 Liter<\/p>\n<\/div><\/div>\n\n\n\n<div class=\"wp-block-media-text is-stacked-on-mobile\" style=\"grid-template-columns:43% auto\"><figure class=\"wp-block-media-text__media\"><img loading=\"lazy\" decoding=\"async\" width=\"838\" height=\"444\" src=\"https:\/\/www.bischoff-koelsch.de\/wp-content\/uploads\/2025\/04\/Bild-18.04.25-um-17.07.jpeg\" alt=\"\" class=\"wp-image-271 size-full\" srcset=\"https:\/\/www.bischoff-koelsch.de\/wp-content\/uploads\/2025\/04\/Bild-18.04.25-um-17.07.jpeg 838w, https:\/\/www.bischoff-koelsch.de\/wp-content\/uploads\/2025\/04\/Bild-18.04.25-um-17.07-300x159.jpeg 300w, https:\/\/www.bischoff-koelsch.de\/wp-content\/uploads\/2025\/04\/Bild-18.04.25-um-17.07-768x407.jpeg 768w\" sizes=\"auto, (max-width: 767px) 89vw, (max-width: 1000px) 54vw, (max-width: 1071px) 543px, 580px\" \/><\/figure><div class=\"wp-block-media-text__content\">\n<p>K\u00fchlanh\u00e4nger gro\u00df<br>Leergewicht: 900 kg<br>Zuladung: 1.500 kg<br>bis etwa 1000 Liter<\/p>\n<\/div><\/div>\n\n\n\n<p><strong>Weitere Artikel zur Ausleihe:<\/strong><br>Gl\u00e4ser<br>Zapfh\u00e4hne<br>Kr\u00e4nze (Tr\u00e4ger)<br>B\u00fcrsten<br>Sitz-Garnituren<br>Stehtische<br>K\u00fchlanh\u00e4nger<br><\/p>\n","protected":false},"excerpt":{"rendered":"<p>Unser reichhaltiges Zubeh\u00f6r Zapfh\u00e4hne und Bel\u00fcfter aus Kunststoff, Holz oder Messing K\u00f6lschstangen in verschiedenen Gr\u00f6\u00dfen0,2 \/ 0,3 \/ 0,4 Liter Gl\u00e4ser Leihartikel f\u00fcr Ihre Feier finden Sie Artikel, die Sie gegen eine Geb\u00fchr ausleihen k\u00f6nnen. K\u00fchlanh\u00e4nger klein Leergewicht: 440 kgZuladung: 560 kgbis etwa 400 Liter K\u00fchlanh\u00e4nger gro\u00dfLeergewicht: 900 kgZuladung: 1.500 kgbis etwa 1000 Liter Weitere &hellip; <\/p>\n<p class=\"link-more\"><a href=\"https:\/\/www.bischoff-koelsch.de\/?page_id=248\" class=\"more-link\"><span class=\"screen-reader-text\">\u201eZubeh\u00f6r\u201c<\/span> weiterlesen<\/a><\/p>\n","protected":false},"author":1,"featured_media":0,"parent":0,"menu_order":0,"comment_status":"closed","ping_status":"closed","template":"","meta":{"footnotes":""},"class_list":["post-248","page","type-page","status-publish","hentry"],"_links":{"self":[{"href":"https:\/\/www.bischoff-koelsch.de\/index.php?rest_route=\/wp\/v2\/pages\/248","targetHints":{"allow":["GET"]}}],"collection":[{"href":"https:\/\/www.bischoff-koelsch.de\/index.php?rest_route=\/wp\/v2\/pages"}],"about":[{"href":"https:\/\/www.bischoff-koelsch.de\/index.php?rest_route=\/wp\/v2\/types\/page"}],"author":[{"embeddable":true,"href":"https:\/\/www.bischoff-koelsch.de\/index.php?rest_route=\/wp\/v2\/users\/1"}],"replies":[{"embeddable":true,"href":"https:\/\/www.bischoff-koelsch.de\/index.php?rest_route=%2Fwp%2Fv2%2Fcomments&post=248"}],"version-history":[{"count":10,"href":"https:\/\/www.bischoff-koelsch.de\/index.php?rest_route=\/wp\/v2\/pages\/248\/revisions"}],"predecessor-version":[{"id":274,"href":"https:\/\/www.bischoff-koelsch.de\/index.php?rest_route=\/wp\/v2\/pages\/248\/revisions\/274"}],"wp:attachment":[{"href":"https:\/\/www.bischoff-koelsch.de\/index.php?rest_route=%2Fwp%2Fv2%2Fmedia&parent=248"}],"curies":[{"name":"wp","href":"https:\/\/api.w.org\/{rel}","templated":true}]}}