{"id":211,"date":"2025-04-15T13:45:00","date_gmt":"2025-04-15T13:45:00","guid":{"rendered":"http:\/\/www.bischoff-koelsch.de\/?page_id=211"},"modified":"2025-04-15T13:54:24","modified_gmt":"2025-04-15T13:54:24","slug":"catering","status":"publish","type":"page","link":"https:\/\/www.bischoff-koelsch.de\/?page_id=211","title":{"rendered":"Catering"},"content":{"rendered":"\n<figure class=\"wp-block-gallery has-nested-images columns-default is-cropped wp-block-gallery-1 is-layout-flex wp-block-gallery-is-layout-flex\">\n<figure class=\"wp-block-image size-large\"><img loading=\"lazy\" decoding=\"async\" width=\"1024\" height=\"683\" data-id=\"218\" src=\"https:\/\/www.bischoff-koelsch.de\/wp-content\/uploads\/2025\/04\/DSC02563-1024x683.jpeg\" alt=\"\" class=\"wp-image-218\" srcset=\"https:\/\/www.bischoff-koelsch.de\/wp-content\/uploads\/2025\/04\/DSC02563-1024x683.jpeg 1024w, https:\/\/www.bischoff-koelsch.de\/wp-content\/uploads\/2025\/04\/DSC02563-300x200.jpeg 300w, https:\/\/www.bischoff-koelsch.de\/wp-content\/uploads\/2025\/04\/DSC02563-768x512.jpeg 768w, https:\/\/www.bischoff-koelsch.de\/wp-content\/uploads\/2025\/04\/DSC02563-1536x1024.jpeg 1536w, https:\/\/www.bischoff-koelsch.de\/wp-content\/uploads\/2025\/04\/DSC02563-2048x1365.jpeg 2048w\" sizes=\"auto, (max-width: 767px) 89vw, (max-width: 1000px) 54vw, (max-width: 1071px) 543px, 580px\" \/><\/figure>\n\n\n\n<figure class=\"wp-block-image size-large\"><img loading=\"lazy\" decoding=\"async\" width=\"1024\" height=\"683\" data-id=\"219\" src=\"https:\/\/www.bischoff-koelsch.de\/wp-content\/uploads\/2025\/04\/DSC02546-1024x683.jpeg\" alt=\"\" class=\"wp-image-219\" srcset=\"https:\/\/www.bischoff-koelsch.de\/wp-content\/uploads\/2025\/04\/DSC02546-1024x683.jpeg 1024w, https:\/\/www.bischoff-koelsch.de\/wp-content\/uploads\/2025\/04\/DSC02546-300x200.jpeg 300w, https:\/\/www.bischoff-koelsch.de\/wp-content\/uploads\/2025\/04\/DSC02546-768x512.jpeg 768w, https:\/\/www.bischoff-koelsch.de\/wp-content\/uploads\/2025\/04\/DSC02546-1536x1024.jpeg 1536w, https:\/\/www.bischoff-koelsch.de\/wp-content\/uploads\/2025\/04\/DSC02546-2048x1365.jpeg 2048w\" sizes=\"auto, (max-width: 767px) 89vw, (max-width: 1000px) 54vw, (max-width: 1071px) 543px, 580px\" \/><\/figure>\n\n\n\n<figure class=\"wp-block-image size-large\"><img loading=\"lazy\" decoding=\"async\" width=\"1024\" height=\"683\" data-id=\"223\" src=\"https:\/\/www.bischoff-koelsch.de\/wp-content\/uploads\/2025\/04\/DSC02560-1024x683.jpeg\" alt=\"\" class=\"wp-image-223\" srcset=\"https:\/\/www.bischoff-koelsch.de\/wp-content\/uploads\/2025\/04\/DSC02560-1024x683.jpeg 1024w, https:\/\/www.bischoff-koelsch.de\/wp-content\/uploads\/2025\/04\/DSC02560-300x200.jpeg 300w, https:\/\/www.bischoff-koelsch.de\/wp-content\/uploads\/2025\/04\/DSC02560-768x512.jpeg 768w, https:\/\/www.bischoff-koelsch.de\/wp-content\/uploads\/2025\/04\/DSC02560-1536x1024.jpeg 1536w, https:\/\/www.bischoff-koelsch.de\/wp-content\/uploads\/2025\/04\/DSC02560-2048x1365.jpeg 2048w\" sizes=\"auto, (max-width: 767px) 89vw, (max-width: 1000px) 54vw, (max-width: 1071px) 543px, 580px\" \/><\/figure>\n<\/figure>\n\n\n\n<p>Unsere R\u00e4ume k\u00f6nnen Sie gerne f\u00fcr Ihre Feierlichkeiten anmieten. Falls gew\u00fcnscht, bieten wir Ihnen \u00fcber den&nbsp;<strong><a href=\"http:\/\/www.weiler-hof.de\/\">Metz Catering<\/a><\/strong> Br\u00fchl&nbsp;oder&nbsp;&nbsp;<a href=\"http:\/\/www.schmatzcatering.de\/weilerhof\"><strong>Schmatz Catering<\/strong><\/a>&nbsp;H\u00fcrth f\u00fcr Ihr Event auch ein exclusives Catering sowie weitere Serviceleistungen an.&nbsp;<br>Sie k\u00f6nnen auch gerne Ihre Feier selber oder mit einem eigenen Caterer organisieren. Sprechen Sie uns hierf\u00fcr an. -&gt; Kontakt<\/p>\n","protected":false},"excerpt":{"rendered":"<p>Unsere R\u00e4ume k\u00f6nnen Sie gerne f\u00fcr Ihre Feierlichkeiten anmieten. Falls gew\u00fcnscht, bieten wir Ihnen \u00fcber den&nbsp;Metz Catering Br\u00fchl&nbsp;oder&nbsp;&nbsp;Schmatz Catering&nbsp;H\u00fcrth f\u00fcr Ihr Event auch ein exclusives Catering sowie weitere Serviceleistungen an.&nbsp;Sie k\u00f6nnen auch gerne Ihre Feier selber oder mit einem eigenen Caterer organisieren. Sprechen Sie uns hierf\u00fcr an. -&gt; Kontakt<\/p>\n","protected":false},"author":1,"featured_media":0,"parent":0,"menu_order":0,"comment_status":"closed","ping_status":"closed","template":"","meta":{"footnotes":""},"class_list":["post-211","page","type-page","status-publish","hentry"],"_links":{"self":[{"href":"https:\/\/www.bischoff-koelsch.de\/index.php?rest_route=\/wp\/v2\/pages\/211","targetHints":{"allow":["GET"]}}],"collection":[{"href":"https:\/\/www.bischoff-koelsch.de\/index.php?rest_route=\/wp\/v2\/pages"}],"about":[{"href":"https:\/\/www.bischoff-koelsch.de\/index.php?rest_route=\/wp\/v2\/types\/page"}],"author":[{"embeddable":true,"href":"https:\/\/www.bischoff-koelsch.de\/index.php?rest_route=\/wp\/v2\/users\/1"}],"replies":[{"embeddable":true,"href":"https:\/\/www.bischoff-koelsch.de\/index.php?rest_route=%2Fwp%2Fv2%2Fcomments&post=211"}],"version-history":[{"count":5,"href":"https:\/\/www.bischoff-koelsch.de\/index.php?rest_route=\/wp\/v2\/pages\/211\/revisions"}],"predecessor-version":[{"id":225,"href":"https:\/\/www.bischoff-koelsch.de\/index.php?rest_route=\/wp\/v2\/pages\/211\/revisions\/225"}],"wp:attachment":[{"href":"https:\/\/www.bischoff-koelsch.de\/index.php?rest_route=%2Fwp%2Fv2%2Fmedia&parent=211"}],"curies":[{"name":"wp","href":"https:\/\/api.w.org\/{rel}","templated":true}]}}