{"id":145,"date":"2025-04-14T19:00:14","date_gmt":"2025-04-14T19:00:14","guid":{"rendered":"http:\/\/www.bischoff-koelsch.de\/?page_id=145"},"modified":"2025-04-14T19:04:44","modified_gmt":"2025-04-14T19:04:44","slug":"der-weilerhof","status":"publish","type":"page","link":"https:\/\/www.bischoff-koelsch.de\/?page_id=145","title":{"rendered":"Der Weilerhof"},"content":{"rendered":"\n<figure class=\"wp-block-image size-full\"><img loading=\"lazy\" decoding=\"async\" width=\"283\" height=\"164\" src=\"https:\/\/www.bischoff-koelsch.de\/wp-content\/uploads\/2025\/04\/Alt.jpeg\" alt=\"\" class=\"wp-image-154\"\/><\/figure>\n\n\n\n<p>Wie urkundlich belegte Funde beweisen, ist das Hofgel\u00e4nde des Weilerhofes schon seit der R\u00f6merzeit besiedelt gewesen. Au\u00dfer mehreren kleinen Geh\u00f6ften \u2013 daher der Name Weilerhof \u2013 befand sich zu Beginn des 14. Jahrhunderts hier das Herrenhaus des Gutsbesitzers Godescalcus de Wilre.<\/p>\n\n\n\n<p>Die Karth\u00e4user kauften unmittelbar nach 1300 das gesamte Areal nach und nach auf. Nach der S\u00e4kularisation wechselte das Eigentum am Hof mehrfach, bis Anfang des letzten Jahrhunderts des Gro\u00dfvater des jetzigen Inhabers das Hofgel\u00e4nde erwarb, und den Hof v\u00f6llig neu errichtete.<\/p>\n\n\n\n<p>Der Weilerhof, gelegen an der Stadtgrenze zu Br\u00fchl-Vochem \u2013 der Garten des Hofes befindet sich schon auf Br\u00fchler Gebiet \u2013 kam 1802 mit Fischenich zur B\u00fcrgermeisterei H\u00fcrth.<\/p>\n","protected":false},"excerpt":{"rendered":"<p>Wie urkundlich belegte Funde beweisen, ist das Hofgel\u00e4nde des Weilerhofes schon seit der R\u00f6merzeit besiedelt gewesen. Au\u00dfer mehreren kleinen Geh\u00f6ften \u2013 daher der Name Weilerhof \u2013 befand sich zu Beginn des 14. Jahrhunderts hier das Herrenhaus des Gutsbesitzers Godescalcus de Wilre. Die Karth\u00e4user kauften unmittelbar nach 1300 das gesamte Areal nach und nach auf. Nach &hellip; <\/p>\n<p class=\"link-more\"><a href=\"https:\/\/www.bischoff-koelsch.de\/?page_id=145\" class=\"more-link\"><span class=\"screen-reader-text\">\u201eDer Weilerhof\u201c<\/span> weiterlesen<\/a><\/p>\n","protected":false},"author":1,"featured_media":0,"parent":0,"menu_order":0,"comment_status":"closed","ping_status":"closed","template":"","meta":{"footnotes":""},"class_list":["post-145","page","type-page","status-publish","hentry"],"_links":{"self":[{"href":"https:\/\/www.bischoff-koelsch.de\/index.php?rest_route=\/wp\/v2\/pages\/145","targetHints":{"allow":["GET"]}}],"collection":[{"href":"https:\/\/www.bischoff-koelsch.de\/index.php?rest_route=\/wp\/v2\/pages"}],"about":[{"href":"https:\/\/www.bischoff-koelsch.de\/index.php?rest_route=\/wp\/v2\/types\/page"}],"author":[{"embeddable":true,"href":"https:\/\/www.bischoff-koelsch.de\/index.php?rest_route=\/wp\/v2\/users\/1"}],"replies":[{"embeddable":true,"href":"https:\/\/www.bischoff-koelsch.de\/index.php?rest_route=%2Fwp%2Fv2%2Fcomments&post=145"}],"version-history":[{"count":2,"href":"https:\/\/www.bischoff-koelsch.de\/index.php?rest_route=\/wp\/v2\/pages\/145\/revisions"}],"predecessor-version":[{"id":156,"href":"https:\/\/www.bischoff-koelsch.de\/index.php?rest_route=\/wp\/v2\/pages\/145\/revisions\/156"}],"wp:attachment":[{"href":"https:\/\/www.bischoff-koelsch.de\/index.php?rest_route=%2Fwp%2Fv2%2Fmedia&parent=145"}],"curies":[{"name":"wp","href":"https:\/\/api.w.org\/{rel}","templated":true}]}}