{"id":112,"date":"2025-04-14T16:08:42","date_gmt":"2025-04-14T16:08:42","guid":{"rendered":"http:\/\/www.bischoff-koelsch.de\/?page_id=112"},"modified":"2025-04-18T12:13:21","modified_gmt":"2025-04-18T12:13:21","slug":"produkte","status":"publish","type":"page","link":"https:\/\/www.bischoff-koelsch.de\/?page_id=112","title":{"rendered":"Produkte"},"content":{"rendered":"\n<figure class=\"wp-block-image size-full\"><img loading=\"lazy\" decoding=\"async\" width=\"425\" height=\"319\" src=\"https:\/\/www.bischoff-koelsch.de\/wp-content\/uploads\/2025\/04\/Produkte.jpeg\" alt=\"\" class=\"wp-image-254\" srcset=\"https:\/\/www.bischoff-koelsch.de\/wp-content\/uploads\/2025\/04\/Produkte.jpeg 425w, https:\/\/www.bischoff-koelsch.de\/wp-content\/uploads\/2025\/04\/Produkte-300x225.jpeg 300w\" sizes=\"auto, (max-width: 425px) 100vw, 425px\" \/><\/figure>\n\n\n\n<h2 class=\"wp-block-heading\">Unsere Spezialit\u00e4ten<\/h2>\n\n\n\n<div class=\"wp-block-media-text is-stacked-on-mobile\" style=\"grid-template-columns:37% auto\"><figure class=\"wp-block-media-text__media\"><img loading=\"lazy\" decoding=\"async\" width=\"506\" height=\"362\" src=\"https:\/\/www.bischoff-koelsch.de\/wp-content\/uploads\/2025\/04\/E_koelsch.jpg\" alt=\"\" class=\"wp-image-237 size-full\" srcset=\"https:\/\/www.bischoff-koelsch.de\/wp-content\/uploads\/2025\/04\/E_koelsch.jpg 506w, https:\/\/www.bischoff-koelsch.de\/wp-content\/uploads\/2025\/04\/E_koelsch-300x215.jpg 300w\" sizes=\"auto, (max-width: 506px) 100vw, 506px\" \/><\/figure><div class=\"wp-block-media-text__content\">\n<p>Sorgsam gebraut nach dem deutschen Reinheitsgebot aus den Rohstoffen Hopfen, Malz und Wasser. Dieses hochwertige Naturprodukt ist ein oberg\u00e4riges, frisches und w\u00fcrziges Vollbier. Alc: 4,9 %.<br><\/p>\n<\/div><\/div>\n\n\n\n<p><strong>F\u00e4sser zu je:<\/strong> 5, 10, 15 Liter auch 20, 30 und 50 Liter auf Bestellung<br><strong>Kegf\u00e4sser mit Flachkopf zu je:<\/strong> 5, 10, 30, 50 Liter<br><strong>Siphons zu je:<\/strong> 1, 2, 3 Liter<\/p>\n\n\n\n<div style=\"height:30px\" aria-hidden=\"true\" class=\"wp-block-spacer\"><\/div>\n\n\n\n<div class=\"wp-block-media-text is-stacked-on-mobile\" style=\"grid-template-columns:37% auto\"><figure class=\"wp-block-media-text__media\"><img loading=\"lazy\" decoding=\"async\" width=\"508\" height=\"362\" src=\"https:\/\/www.bischoff-koelsch.de\/wp-content\/uploads\/2025\/04\/E_karthaeuser.jpg\" alt=\"\" class=\"wp-image-241 size-full\" srcset=\"https:\/\/www.bischoff-koelsch.de\/wp-content\/uploads\/2025\/04\/E_karthaeuser.jpg 508w, https:\/\/www.bischoff-koelsch.de\/wp-content\/uploads\/2025\/04\/E_karthaeuser-300x214.jpg 300w\" sizes=\"auto, (max-width: 508px) 100vw, 508px\" \/><\/figure><div class=\"wp-block-media-text__content\">\n<p>Gebraut nach dem deutschen Reinheitsgebot aus den Rohstoffen Hopfen, Malz und Wasser. Dieses hochwertige Naturprodukt ist ein oberg\u00e4riges, frisches und hefetr\u00fcbes Vollbier<\/p>\n<\/div><\/div>\n\n\n\n<p><strong>F\u00e4sser zu je:<\/strong> 5, 10 Liter auch 15, 20 Liter auf Bestellung<br><strong>Siphons zu je:<\/strong> 1, 2, 3 Liter<\/p>\n","protected":false},"excerpt":{"rendered":"<p>Unsere Spezialit\u00e4ten Sorgsam gebraut nach dem deutschen Reinheitsgebot aus den Rohstoffen Hopfen, Malz und Wasser. Dieses hochwertige Naturprodukt ist ein oberg\u00e4riges, frisches und w\u00fcrziges Vollbier. Alc: 4,9 %. F\u00e4sser zu je: 5, 10, 15 Liter auch 20, 30 und 50 Liter auf BestellungKegf\u00e4sser mit Flachkopf zu je: 5, 10, 30, 50 LiterSiphons zu je: 1, &hellip; <\/p>\n<p class=\"link-more\"><a href=\"https:\/\/www.bischoff-koelsch.de\/?page_id=112\" class=\"more-link\"><span class=\"screen-reader-text\">\u201eProdukte\u201c<\/span> weiterlesen<\/a><\/p>\n","protected":false},"author":1,"featured_media":0,"parent":0,"menu_order":0,"comment_status":"closed","ping_status":"closed","template":"","meta":{"footnotes":""},"class_list":["post-112","page","type-page","status-publish","hentry"],"_links":{"self":[{"href":"https:\/\/www.bischoff-koelsch.de\/index.php?rest_route=\/wp\/v2\/pages\/112","targetHints":{"allow":["GET"]}}],"collection":[{"href":"https:\/\/www.bischoff-koelsch.de\/index.php?rest_route=\/wp\/v2\/pages"}],"about":[{"href":"https:\/\/www.bischoff-koelsch.de\/index.php?rest_route=\/wp\/v2\/types\/page"}],"author":[{"embeddable":true,"href":"https:\/\/www.bischoff-koelsch.de\/index.php?rest_route=\/wp\/v2\/users\/1"}],"replies":[{"embeddable":true,"href":"https:\/\/www.bischoff-koelsch.de\/index.php?rest_route=%2Fwp%2Fv2%2Fcomments&post=112"}],"version-history":[{"count":11,"href":"https:\/\/www.bischoff-koelsch.de\/index.php?rest_route=\/wp\/v2\/pages\/112\/revisions"}],"predecessor-version":[{"id":256,"href":"https:\/\/www.bischoff-koelsch.de\/index.php?rest_route=\/wp\/v2\/pages\/112\/revisions\/256"}],"wp:attachment":[{"href":"https:\/\/www.bischoff-koelsch.de\/index.php?rest_route=%2Fwp%2Fv2%2Fmedia&parent=112"}],"curies":[{"name":"wp","href":"https:\/\/api.w.org\/{rel}","templated":true}]}}