{"id":110,"date":"2025-04-14T16:08:22","date_gmt":"2025-04-14T16:08:22","guid":{"rendered":"http:\/\/www.bischoff-koelsch.de\/?page_id=110"},"modified":"2025-04-14T20:14:59","modified_gmt":"2025-04-14T20:14:59","slug":"produktion","status":"publish","type":"page","link":"https:\/\/www.bischoff-koelsch.de\/?page_id=110","title":{"rendered":"Produktion"},"content":{"rendered":"\n<h2 class=\"wp-block-heading\">So entsteht unser K\u00f6lsch<\/h2>\n\n\n\n<figure class=\"wp-block-image size-large\"><img loading=\"lazy\" decoding=\"async\" width=\"1024\" height=\"724\" src=\"https:\/\/www.bischoff-koelsch.de\/wp-content\/uploads\/2025\/04\/schaubild-Kopie-2-1-1024x724.jpg\" alt=\"\" class=\"wp-image-191\" srcset=\"https:\/\/www.bischoff-koelsch.de\/wp-content\/uploads\/2025\/04\/schaubild-Kopie-2-1-1024x724.jpg 1024w, https:\/\/www.bischoff-koelsch.de\/wp-content\/uploads\/2025\/04\/schaubild-Kopie-2-1-300x212.jpg 300w, https:\/\/www.bischoff-koelsch.de\/wp-content\/uploads\/2025\/04\/schaubild-Kopie-2-1-768x543.jpg 768w, https:\/\/www.bischoff-koelsch.de\/wp-content\/uploads\/2025\/04\/schaubild-Kopie-2-1-1536x1086.jpg 1536w, https:\/\/www.bischoff-koelsch.de\/wp-content\/uploads\/2025\/04\/schaubild-Kopie-2-1-2048x1448.jpg 2048w\" sizes=\"auto, (max-width: 767px) 89vw, (max-width: 1000px) 54vw, (max-width: 1071px) 543px, 580px\" \/><\/figure>\n\n\n\n<p>Nach dem Reinheitsgebot von 1516 \u2013 \u00fcbrigens die \u00e4lteste lebensmittelrechtliche Vorschrift \u2013 wird Bier aus den Rohstoffen Wasser, Malz, Hopfen und Hefe hergestellt. <br><br>Braugerste, die in unserem landwirtschaftlichen Betrieb angebaut wird, ist eine Vorstufe von Malz. In der Malzfabrik wird die zweizeilige Sommergerste unter Einsatz von Wasser zum Keimen gebracht und sp\u00e4ter getrocknet. Das Endprodukt dieses Vorgangs ist Braumalz.<br>Das Gerstenmalz wird dann in der Brauerei geschrotet, das hei\u00dft es wird ein grobes Mehl hergestellt, das in der Maischepfanne des Sudhauses mit Wasser vermischt wird. Die nun entstandene Maische wird in Stufen auf ca. 80 \u00b0C erhitzt.<\/p>\n\n\n\n<div class=\"wp-block-media-text is-stacked-on-mobile\" style=\"grid-template-columns:25% auto\"><figure class=\"wp-block-media-text__media\"><img loading=\"lazy\" decoding=\"async\" width=\"283\" height=\"213\" src=\"https:\/\/www.bischoff-koelsch.de\/wp-content\/uploads\/2025\/04\/Wie1-3.jpeg\" alt=\"\" class=\"wp-image-183 size-full\"\/><\/figure><div class=\"wp-block-media-text__content\">\n<p>Danach wird die Maische in den L\u00e4uterbottich, der einem gro\u00dfen Sieb \u00e4hnlich ist, umgepumpt, wodurch die festen von den fl\u00fcssigen Bestandteilen getrennt werden. W\u00e4hrend die l\u00f6slichen Bestandteile in die W\u00fcrzepfanne flie\u00dfen, bleibt der feste Bestandteil \u2013 der Treber \u2013 zur\u00fcck. Er wird in der Viehf\u00fctterung verwendet. In der W\u00fcrzepfanne wird das Vorprodukt gekocht und Hopfen \u2013 entweder als Extrakt oder als Pellets \u2013 hinzugegeben. Der Hopfen hat Einfluss auf die Haltbarkeit und die Bittere des Bieres.<\/p>\n<\/div><\/div>\n\n\n\n<p><br>Nach der ca. 70min\u00fctigen Kochzeit wird in einem Ausschlagbottich die Bierw\u00fcrze gekl\u00e4rt, das hei\u00dft der Hopfentrub setzt sich am Boden ab. Nachdem die W\u00fcrze auf ca. 20 \u00b0C abgek\u00fchlt ist, flie\u00dft diese in offene G\u00e4rbottiche wo oberg\u00e4rige Hefe zugesetzt wird.<\/p>\n\n\n\n<div class=\"wp-block-media-text has-media-on-the-right is-stacked-on-mobile\" style=\"grid-template-columns:auto 26%\"><div class=\"wp-block-media-text__content\">\n<p>Dort verbleibt sie ca. 2 Tage, um zu g\u00e4ren und wird anschlie\u00dfend in die Lagertanks umgepumpt, wo sie 3-4 Wochen bei einer Temperatur von 0 bis -1 \u00b0C verbleibt. <\/p>\n<\/div><figure class=\"wp-block-media-text__media\"><img loading=\"lazy\" decoding=\"async\" width=\"157\" height=\"168\" src=\"https:\/\/www.bischoff-koelsch.de\/wp-content\/uploads\/2025\/04\/Wie2.jpeg\" alt=\"\" class=\"wp-image-184 size-full\"\/><\/figure><\/div>\n\n\n\n<p>Sp\u00e4ter wird das Bier unter Verwendung eines Kieselgur- und eines Kerzenfilters separiert, um Tr\u00fcbungspartikel und noch vorhandene Hefezellen aus dem Bier zu entfernen.<\/p>\n\n\n\n<div class=\"wp-block-media-text is-stacked-on-mobile is-vertically-aligned-top\" style=\"grid-template-columns:27% auto\"><figure class=\"wp-block-media-text__media\"><img loading=\"lazy\" decoding=\"async\" width=\"241\" height=\"482\" src=\"https:\/\/www.bischoff-koelsch.de\/wp-content\/uploads\/2025\/04\/Abfuell01.jpeg\" alt=\"\" class=\"wp-image-185 size-full\" srcset=\"https:\/\/www.bischoff-koelsch.de\/wp-content\/uploads\/2025\/04\/Abfuell01.jpeg 241w, https:\/\/www.bischoff-koelsch.de\/wp-content\/uploads\/2025\/04\/Abfuell01-150x300.jpeg 150w\" sizes=\"auto, (max-width: 241px) 100vw, 241px\" \/><\/figure><div class=\"wp-block-media-text__content\">\n<p>Danach erfolgt die Abf\u00fcllung in F\u00e4sser oder Siphons. Die Abf\u00fcllung des \u201cKarth\u00e4userbr\u00e4u\u201d erfolgt direkt von den Lagertanks, das hei\u00dft es handelt sich um unfiltriertes Bier, bei dem der Anteil an Hefen und Geschmackstr\u00e4gern erheblich h\u00f6her ist.<br><\/p>\n<\/div><\/div>\n\n\n\n<p><\/p>\n\n\n\n<p><\/p>\n","protected":false},"excerpt":{"rendered":"<p>So entsteht unser K\u00f6lsch Nach dem Reinheitsgebot von 1516 \u2013 \u00fcbrigens die \u00e4lteste lebensmittelrechtliche Vorschrift \u2013 wird Bier aus den Rohstoffen Wasser, Malz, Hopfen und Hefe hergestellt. Braugerste, die in unserem landwirtschaftlichen Betrieb angebaut wird, ist eine Vorstufe von Malz. In der Malzfabrik wird die zweizeilige Sommergerste unter Einsatz von Wasser zum Keimen gebracht und &hellip; <\/p>\n<p class=\"link-more\"><a href=\"https:\/\/www.bischoff-koelsch.de\/?page_id=110\" class=\"more-link\"><span class=\"screen-reader-text\">\u201eProduktion\u201c<\/span> weiterlesen<\/a><\/p>\n","protected":false},"author":1,"featured_media":0,"parent":0,"menu_order":0,"comment_status":"closed","ping_status":"closed","template":"","meta":{"footnotes":""},"class_list":["post-110","page","type-page","status-publish","hentry"],"_links":{"self":[{"href":"https:\/\/www.bischoff-koelsch.de\/index.php?rest_route=\/wp\/v2\/pages\/110","targetHints":{"allow":["GET"]}}],"collection":[{"href":"https:\/\/www.bischoff-koelsch.de\/index.php?rest_route=\/wp\/v2\/pages"}],"about":[{"href":"https:\/\/www.bischoff-koelsch.de\/index.php?rest_route=\/wp\/v2\/types\/page"}],"author":[{"embeddable":true,"href":"https:\/\/www.bischoff-koelsch.de\/index.php?rest_route=\/wp\/v2\/users\/1"}],"replies":[{"embeddable":true,"href":"https:\/\/www.bischoff-koelsch.de\/index.php?rest_route=%2Fwp%2Fv2%2Fcomments&post=110"}],"version-history":[{"count":7,"href":"https:\/\/www.bischoff-koelsch.de\/index.php?rest_route=\/wp\/v2\/pages\/110\/revisions"}],"predecessor-version":[{"id":194,"href":"https:\/\/www.bischoff-koelsch.de\/index.php?rest_route=\/wp\/v2\/pages\/110\/revisions\/194"}],"wp:attachment":[{"href":"https:\/\/www.bischoff-koelsch.de\/index.php?rest_route=%2Fwp%2Fv2%2Fmedia&parent=110"}],"curies":[{"name":"wp","href":"https:\/\/api.w.org\/{rel}","templated":true}]}}