{"id":104,"date":"2025-04-14T16:06:09","date_gmt":"2025-04-14T16:06:09","guid":{"rendered":"http:\/\/www.bischoff-koelsch.de\/?page_id=104"},"modified":"2025-04-27T12:03:46","modified_gmt":"2025-04-27T12:03:46","slug":"eventlocation","status":"publish","type":"page","link":"https:\/\/www.bischoff-koelsch.de\/?page_id=104","title":{"rendered":"Eventlocation"},"content":{"rendered":"\n<figure class=\"wp-block-image size-large\"><img loading=\"lazy\" decoding=\"async\" width=\"1024\" height=\"261\" src=\"https:\/\/www.bischoff-koelsch.de\/wp-content\/uploads\/2025\/04\/Bild-14.04.25-um-18.49-1-1024x261.jpeg\" alt=\"\" class=\"wp-image-141\" srcset=\"https:\/\/www.bischoff-koelsch.de\/wp-content\/uploads\/2025\/04\/Bild-14.04.25-um-18.49-1-1024x261.jpeg 1024w, https:\/\/www.bischoff-koelsch.de\/wp-content\/uploads\/2025\/04\/Bild-14.04.25-um-18.49-1-300x77.jpeg 300w, https:\/\/www.bischoff-koelsch.de\/wp-content\/uploads\/2025\/04\/Bild-14.04.25-um-18.49-1-768x196.jpeg 768w, https:\/\/www.bischoff-koelsch.de\/wp-content\/uploads\/2025\/04\/Bild-14.04.25-um-18.49-1-1536x392.jpeg 1536w, https:\/\/www.bischoff-koelsch.de\/wp-content\/uploads\/2025\/04\/Bild-14.04.25-um-18.49-1.jpeg 1826w\" sizes=\"auto, (max-width: 767px) 89vw, (max-width: 1000px) 54vw, (max-width: 1071px) 543px, 580px\" \/><\/figure>\n\n\n\n<p>Hier finden Sie das ideale Umfeld f\u00fcr eine unvergessliche Hochzeit, ein gem\u00fctliches Familienfest, Ihre n\u00e4chste Firmenfeier oder ein anderes Event.<\/p>\n\n\n\n<p>Unter dem Punkt Verf\u00fcgbarkeit k\u00f6nnen Sie nachschauen, ob Ihr Wunschtermin frei ist.<\/p>\n\n\n\n<p>Nehmen Sie gerne Kontakt mit uns auf, wenn Sie einen Termin f\u00fcr eine Besichtigung w\u00fcnschen. <br>Sie k\u00f6nnen immer Montag-Samstag zwischen 16 und 17 Uhr unverbindlich vorbeischauen, au\u00dfer es findet eine Veranstaltung statt. <br>Rufen Sie 1-2 Tage vorher an oder schreiben Sie eine kurze E-Mail, damit wir uns Zeit f\u00fcr Sie nehmen k\u00f6nnen.<br><\/p>\n","protected":false},"excerpt":{"rendered":"<p>Hier finden Sie das ideale Umfeld f\u00fcr eine unvergessliche Hochzeit, ein gem\u00fctliches Familienfest, Ihre n\u00e4chste Firmenfeier oder ein anderes Event. Unter dem Punkt Verf\u00fcgbarkeit k\u00f6nnen Sie nachschauen, ob Ihr Wunschtermin frei ist. Nehmen Sie gerne Kontakt mit uns auf, wenn Sie einen Termin f\u00fcr eine Besichtigung w\u00fcnschen. Sie k\u00f6nnen immer Montag-Samstag zwischen 16 und 17 &hellip; <\/p>\n<p class=\"link-more\"><a href=\"https:\/\/www.bischoff-koelsch.de\/?page_id=104\" class=\"more-link\"><span class=\"screen-reader-text\">\u201eEventlocation\u201c<\/span> weiterlesen<\/a><\/p>\n","protected":false},"author":1,"featured_media":0,"parent":0,"menu_order":0,"comment_status":"closed","ping_status":"closed","template":"","meta":{"footnotes":""},"class_list":["post-104","page","type-page","status-publish","hentry"],"_links":{"self":[{"href":"https:\/\/www.bischoff-koelsch.de\/index.php?rest_route=\/wp\/v2\/pages\/104","targetHints":{"allow":["GET"]}}],"collection":[{"href":"https:\/\/www.bischoff-koelsch.de\/index.php?rest_route=\/wp\/v2\/pages"}],"about":[{"href":"https:\/\/www.bischoff-koelsch.de\/index.php?rest_route=\/wp\/v2\/types\/page"}],"author":[{"embeddable":true,"href":"https:\/\/www.bischoff-koelsch.de\/index.php?rest_route=\/wp\/v2\/users\/1"}],"replies":[{"embeddable":true,"href":"https:\/\/www.bischoff-koelsch.de\/index.php?rest_route=%2Fwp%2Fv2%2Fcomments&post=104"}],"version-history":[{"count":15,"href":"https:\/\/www.bischoff-koelsch.de\/index.php?rest_route=\/wp\/v2\/pages\/104\/revisions"}],"predecessor-version":[{"id":314,"href":"https:\/\/www.bischoff-koelsch.de\/index.php?rest_route=\/wp\/v2\/pages\/104\/revisions\/314"}],"wp:attachment":[{"href":"https:\/\/www.bischoff-koelsch.de\/index.php?rest_route=%2Fwp%2Fv2%2Fmedia&parent=104"}],"curies":[{"name":"wp","href":"https:\/\/api.w.org\/{rel}","templated":true}]}}